{"id":25,"date":"2025-05-07T07:33:14","date_gmt":"2025-05-07T07:33:14","guid":{"rendered":"https:\/\/gifted-shtern.93-93-119-35.plesk.page\/?page_id=25"},"modified":"2025-05-07T15:39:38","modified_gmt":"2025-05-07T15:39:38","slug":"servicios","status":"publish","type":"page","link":"https:\/\/gifted-shtern.93-93-119-35.plesk.page\/?page_id=25","title":{"rendered":"Servicios"},"content":{"rendered":"\t\t<div data-elementor-type=\"wp-page\" data-elementor-id=\"25\" class=\"elementor elementor-25\" data-elementor-post-type=\"page\">\n\t\t\t\t<div class=\"elementor-element elementor-element-740b82b e-flex e-con-boxed e-con e-parent\" data-id=\"740b82b\" data-element_type=\"container\" data-settings=\"{&quot;background_background&quot;:&quot;classic&quot;}\">\n\t\t\t\t\t<div class=\"e-con-inner\">\n\t\t<div class=\"elementor-element elementor-element-50293e6 e-con-full e-flex elementor-invisible e-con e-child\" data-id=\"50293e6\" data-element_type=\"container\" data-settings=\"{&quot;background_background&quot;:&quot;classic&quot;,&quot;animation&quot;:&quot;fadeInUp&quot;}\">\n\t\t\t\t<div class=\"elementor-element elementor-element-477edac elementor-widget elementor-widget-heading\" data-id=\"477edac\" data-element_type=\"widget\" data-widget_type=\"heading.default\">\n\t\t\t\t<div class=\"elementor-widget-container\">\n\t\t\t\t\t<h1 class=\"elementor-heading-title elementor-size-default\">SERVICIOS<\/h1>\t\t\t\t<\/div>\n\t\t\t\t<\/div>\n\t\t\t\t<\/div>\n\t\t\t\t\t<\/div>\n\t\t\t\t<\/div>\n\t\t<div class=\"elementor-element elementor-element-ca3a9dc e-flex e-con-boxed e-con e-parent\" data-id=\"ca3a9dc\" data-element_type=\"container\">\n\t\t\t\t\t<div class=\"e-con-inner\">\n\t\t\t\t<div class=\"elementor-element elementor-element-5fd551e elementor-widget elementor-widget-text-editor\" data-id=\"5fd551e\" data-element_type=\"widget\" data-widget_type=\"text-editor.default\">\n\t\t\t\t<div class=\"elementor-widget-container\">\n\t\t\t\t\t\t\t\t\t<p>En\u00a0CHAVERRI\u00a0&amp;\u00a0LOITEGUI, ofrecemos un asesoramiento integral para las empresas y entidades aportando la mejor calidad en los servicios prestados, dot\u00e1ndoles de seguridad jur\u00eddica y adelant\u00e1ndonos a los problemas para que no pierdan competitividad en relaci\u00f3n con cuestiones de \u00edndole jur\u00eddica.<\/p><p>La amplia experiencia de sus socios como asesores jur\u00eddicos en el seno de empresas, garantiza una comprensi\u00f3n de las problem\u00e1ticas internas, as\u00ed como un mayor conocimiento de la organizaci\u00f3n y gesti\u00f3n interna dentro de las empresas y entidades.<\/p><p>Aspiramos a marcar la diferencia con un servicio cercano y profesional que permita a las empresas y entidades delegar las cuestiones encomendadas con la mayor confianza.<\/p>\t\t\t\t\t\t\t\t<\/div>\n\t\t\t\t<\/div>\n\t\t\t\t\t<\/div>\n\t\t\t\t<\/div>\n\t\t<div class=\"elementor-element elementor-element-98c88f4 e-flex e-con-boxed e-con e-parent\" data-id=\"98c88f4\" data-element_type=\"container\">\n\t\t\t\t\t<div class=\"e-con-inner\">\n\t\t<div class=\"elementor-element elementor-element-5eeab0a e-con-full e-flex e-con e-child\" data-id=\"5eeab0a\" data-element_type=\"container\">\n\t\t<div class=\"elementor-element elementor-element-ebe62cc e-con-full e-flex e-con e-child\" data-id=\"ebe62cc\" data-element_type=\"container\">\n\t\t\t\t<div class=\"elementor-element elementor-element-33c4036 elementor-widget elementor-widget-heading\" data-id=\"33c4036\" data-element_type=\"widget\" data-widget_type=\"heading.default\">\n\t\t\t\t<div class=\"elementor-widget-container\">\n\t\t\t\t\t<h2 class=\"elementor-heading-title elementor-size-default\">COMPLIANCE PENAL<\/h2>\t\t\t\t<\/div>\n\t\t\t\t<\/div>\n\t\t\t\t<div class=\"elementor-element elementor-element-371aed8 elementor-widget elementor-widget-text-editor\" data-id=\"371aed8\" data-element_type=\"widget\" data-widget_type=\"text-editor.default\">\n\t\t\t\t<div class=\"elementor-widget-container\">\n\t\t\t\t\t\t\t\t\t<p>Asesoramiento a empresas<\/p>\t\t\t\t\t\t\t\t<\/div>\n\t\t\t\t<\/div>\n\t\t\t\t<\/div>\n\t\t<div class=\"elementor-element elementor-element-fc30aea e-con-full e-flex e-con e-child\" data-id=\"fc30aea\" data-element_type=\"container\">\n\t\t\t\t<div class=\"elementor-element elementor-element-df68650 elementor-widget elementor-widget-text-editor\" data-id=\"df68650\" data-element_type=\"widget\" data-widget_type=\"text-editor.default\">\n\t\t\t\t<div class=\"elementor-widget-container\">\n\t\t\t\t\t\t\t\t\t<p class=\"font_8 wixui-rich-text__text\"><span class=\"wixui-rich-text__text\">El C\u00f3digo Penal en Espa\u00f1a contempla ahora la responsabilidad penal de las personas jur\u00eddicas. Para no incurrir en dicha responsabilidad, las empresas deben establecer sistemas eficaces de control de su actividad y sus empleados. Estos programas de cumplimiento normativo o Compliance Penal, deben cumplir unos requisitos legales y mantenerse actualizados.<\/span><\/p><p class=\"font_8 wixui-rich-text__text\"><span class=\"wixui-rich-text__text\">En\u00a0<strong>CHAVERRI\u00a0<span style=\"color: #993300;\">&amp;<\/span>\u00a0LOITEGUI<\/strong>\u00a0tenemos experiencia en la implantaci\u00f3n y monitorizaci\u00f3n de programas de cumplimiento normativo desarrollando las siguientes actividades de asesoramiento y consultor\u00eda:<\/span><\/p><p class=\"font_8 wixui-rich-text__text\"><span class=\"wixui-rich-text__text\">\u00a0\u00a0&#8211;\u00a0Implantaci\u00f3n de Compliance.<\/span><\/p><p class=\"font_8 wixui-rich-text__text\"><span class=\"wixui-rich-text__text\">\u00a0\u00a0&#8211;\u00a0Mantenimiento y reporte a administradores.<\/span><\/p><p class=\"font_8 wixui-rich-text__text\"><span class=\"wixui-rich-text__text\">\u00a0\u00a0&#8211;\u00a0Formaci\u00f3n a administradores, directivos y empleados.<\/span><\/p>\t\t\t\t\t\t\t\t<\/div>\n\t\t\t\t<\/div>\n\t\t\t\t<\/div>\n\t\t\t\t<\/div>\n\t\t<div class=\"elementor-element elementor-element-863cf42 e-con-full e-flex e-con e-child\" data-id=\"863cf42\" data-element_type=\"container\">\n\t\t<div class=\"elementor-element elementor-element-8bd1c35 e-con-full e-flex e-con e-child\" data-id=\"8bd1c35\" data-element_type=\"container\">\n\t\t\t\t<div class=\"elementor-element elementor-element-575bd2b elementor-widget elementor-widget-heading\" data-id=\"575bd2b\" data-element_type=\"widget\" data-widget_type=\"heading.default\">\n\t\t\t\t<div class=\"elementor-widget-container\">\n\t\t\t\t\t<h2 class=\"elementor-heading-title elementor-size-default\">DERECHO LABORAL<\/h2>\t\t\t\t<\/div>\n\t\t\t\t<\/div>\n\t\t\t\t<div class=\"elementor-element elementor-element-cfbe4a2 elementor-widget elementor-widget-text-editor\" data-id=\"cfbe4a2\" data-element_type=\"widget\" data-widget_type=\"text-editor.default\">\n\t\t\t\t<div class=\"elementor-widget-container\">\n\t\t\t\t\t\t\t\t\t<p>Accidentes de trabajo, responsabilidad civil, sanciones y recargo de prestaciones<\/p>\t\t\t\t\t\t\t\t<\/div>\n\t\t\t\t<\/div>\n\t\t\t\t<\/div>\n\t\t<div class=\"elementor-element elementor-element-549f7f9 e-con-full e-flex e-con e-child\" data-id=\"549f7f9\" data-element_type=\"container\">\n\t\t\t\t<div class=\"elementor-element elementor-element-d0aa72f elementor-widget elementor-widget-text-editor\" data-id=\"d0aa72f\" data-element_type=\"widget\" data-widget_type=\"text-editor.default\">\n\t\t\t\t<div class=\"elementor-widget-container\">\n\t\t\t\t\t\t\t\t\t<p class=\"font_8 wixui-rich-text__text\"><span class=\"wixui-rich-text__text\">En\u00a0CHAVERRI\u00a0&amp;\u00a0LOITEGUI\u00a0cubrimos todas las necesidades en el \u00e1mbito contencioso laboral, buscando las mejores soluciones en situaciones de conflicto.<\/span><\/p><p class=\"font_8 wixui-rich-text__text\"><span class=\"wixui-rich-text__text\">Proponemos una labor de an\u00e1lisis constante de todos aquellos aspectos que son susceptibles de ser mejorados dentro de la organizaci\u00f3n adelant\u00e1ndonos a situaciones de conflicto o responsabilidad en materia laboral.<\/span><\/p><p class=\"font_8 wixui-rich-text__text\"><span class=\"wixui-rich-text__text\">Asesoramiento integral en situaciones de accidentes laborales, responsabilidad civil, sanciones y recargos de prestaciones derivados de falta de medidas de seguridad.<\/span><\/p>\t\t\t\t\t\t\t\t<\/div>\n\t\t\t\t<\/div>\n\t\t\t\t<\/div>\n\t\t\t\t<\/div>\n\t\t<div class=\"elementor-element elementor-element-aae99cf e-con-full e-flex e-con e-child\" data-id=\"aae99cf\" data-element_type=\"container\">\n\t\t<div class=\"elementor-element elementor-element-10c7281 e-con-full e-flex e-con e-child\" data-id=\"10c7281\" data-element_type=\"container\">\n\t\t\t\t<div class=\"elementor-element elementor-element-b6c7ae1 elementor-widget elementor-widget-heading\" data-id=\"b6c7ae1\" data-element_type=\"widget\" data-widget_type=\"heading.default\">\n\t\t\t\t<div class=\"elementor-widget-container\">\n\t\t\t\t\t<h2 class=\"elementor-heading-title elementor-size-default\">SEGURIDAD SOCIAL<\/h2>\t\t\t\t<\/div>\n\t\t\t\t<\/div>\n\t\t\t\t<div class=\"elementor-element elementor-element-b4a6ce2 elementor-widget elementor-widget-text-editor\" data-id=\"b4a6ce2\" data-element_type=\"widget\" data-widget_type=\"text-editor.default\">\n\t\t\t\t<div class=\"elementor-widget-container\">\n\t\t\t\t\t\t\t\t\t<p>Determinaci\u00f3n de contingencia, declaraciones de incapacidad<\/p>\t\t\t\t\t\t\t\t<\/div>\n\t\t\t\t<\/div>\n\t\t\t\t<\/div>\n\t\t<div class=\"elementor-element elementor-element-212c2c4 e-con-full e-flex e-con e-child\" data-id=\"212c2c4\" data-element_type=\"container\">\n\t\t\t\t<div class=\"elementor-element elementor-element-eca210f elementor-widget elementor-widget-text-editor\" data-id=\"eca210f\" data-element_type=\"widget\" data-widget_type=\"text-editor.default\">\n\t\t\t\t<div class=\"elementor-widget-container\">\n\t\t\t\t\t\t\t\t\t<p class=\"font_8 wixui-rich-text__text\"><span class=\"wixui-rich-text__text\">La dilatada experiencia en asuntos de Seguridad Social nos hace conscientes de la importancia de un buen asesoramiento en asuntos como procesos de Determinaci\u00f3n de Contingencia de las bajas de los trabajadores, declaraciones de Incapacidad, Recargos de Prestaciones, etc\u2026<\/span><\/p><p class=\"font_8 wixui-rich-text__text\"><span class=\"wixui-rich-text__text\">Una incorrecta calificaci\u00f3n de un accidente o el grado de incapacidad puede suponer un perjuicio importante para el empresario.<\/span><\/p><p class=\"font_8 wixui-rich-text__text\"><span class=\"wixui-rich-text__text\">En\u00a0CHAVERRI\u00a0&amp;\u00a0LOITEGUI\u00a0acompa\u00f1amos a la empresa durante estos procesos ofreciendo una visi\u00f3n global de las consecuencias que se pueden derivar.<\/span><\/p>\t\t\t\t\t\t\t\t<\/div>\n\t\t\t\t<\/div>\n\t\t\t\t<\/div>\n\t\t\t\t<\/div>\n\t\t<div class=\"elementor-element elementor-element-dc5e1b8 e-con-full e-flex e-con e-child\" data-id=\"dc5e1b8\" data-element_type=\"container\">\n\t\t<div class=\"elementor-element elementor-element-11a8eec e-con-full e-flex e-con e-child\" data-id=\"11a8eec\" data-element_type=\"container\">\n\t\t\t\t<div class=\"elementor-element elementor-element-a26cb8d elementor-widget elementor-widget-heading\" data-id=\"a26cb8d\" data-element_type=\"widget\" data-widget_type=\"heading.default\">\n\t\t\t\t<div class=\"elementor-widget-container\">\n\t\t\t\t\t<h2 class=\"elementor-heading-title elementor-size-default\">DERECHO ADMINISTRATIVO<\/h2>\t\t\t\t<\/div>\n\t\t\t\t<\/div>\n\t\t\t\t<div class=\"elementor-element elementor-element-d7a310c elementor-widget elementor-widget-text-editor\" data-id=\"d7a310c\" data-element_type=\"widget\" data-widget_type=\"text-editor.default\">\n\t\t\t\t<div class=\"elementor-widget-container\">\n\t\t\t\t\t\t\t\t\t<p>Contrataci\u00f3n p\u00fablica y recursos ante la Administraci\u00f3n<\/p>\t\t\t\t\t\t\t\t<\/div>\n\t\t\t\t<\/div>\n\t\t\t\t<\/div>\n\t\t<div class=\"elementor-element elementor-element-9bb9b5d e-con-full e-flex e-con e-child\" data-id=\"9bb9b5d\" data-element_type=\"container\">\n\t\t\t\t<div class=\"elementor-element elementor-element-7f38026 elementor-widget elementor-widget-text-editor\" data-id=\"7f38026\" data-element_type=\"widget\" data-widget_type=\"text-editor.default\">\n\t\t\t\t<div class=\"elementor-widget-container\">\n\t\t\t\t\t\t\t\t\t<p class=\"font_8 wixui-rich-text__text\"><span class=\"wixui-rich-text__text\">\u00c1reas de actividad:<\/span><\/p><ul class=\"font_8 wixui-rich-text__text\"><li class=\"wixui-rich-text__text\"><p class=\"font_8 wixui-rich-text__text\"><span class=\"wixui-rich-text__text\">Contrataci\u00f3n P\u00fablica.\u00a0<\/span><\/p><\/li><li class=\"wixui-rich-text__text\"><p class=\"font_8 wixui-rich-text__text\"><span class=\"wixui-rich-text__text\">Asesoramiento en la elaboraci\u00f3n de normas.\u00a0<\/span><\/p><\/li><li class=\"wixui-rich-text__text\"><p class=\"font_8 wixui-rich-text__text\"><span class=\"wixui-rich-text__text\">Autorizaciones, licencias y concesiones administrativas.<\/span><\/p><\/li><li class=\"wixui-rich-text__text\"><p class=\"font_8 wixui-rich-text__text\"><span class=\"wixui-rich-text__text\">Contratos administrativos.\u00a0<\/span><\/p><\/li><li class=\"wixui-rich-text__text\"><p class=\"font_8 wixui-rich-text__text\"><span class=\"wixui-rich-text__text\">Derecho administrativo sancionador. Reclamaciones por responsabilidad patrimonial de la Administraci\u00f3n.\u00a0<\/span><\/p><\/li><li class=\"wixui-rich-text__text\"><p class=\"font_8 wixui-rich-text__text\"><span class=\"wixui-rich-text__text\">Recursos administrativos y contencioso-administrativos.<\/span><\/p><\/li><li class=\"wixui-rich-text__text\"><p class=\"font_8 wixui-rich-text__text\"><span class=\"wixui-rich-text__text\">Asesoramiento en protecci\u00f3n de datos para Administraciones P\u00fablicas.<\/span><\/p><\/li><\/ul>\t\t\t\t\t\t\t\t<\/div>\n\t\t\t\t<\/div>\n\t\t\t\t<\/div>\n\t\t\t\t<\/div>\n\t\t<div class=\"elementor-element elementor-element-4f32494 e-con-full e-flex e-con e-child\" data-id=\"4f32494\" data-element_type=\"container\">\n\t\t<div class=\"elementor-element elementor-element-e62a902 e-con-full e-flex e-con e-child\" data-id=\"e62a902\" data-element_type=\"container\">\n\t\t\t\t<div class=\"elementor-element elementor-element-da3d48e elementor-widget elementor-widget-heading\" data-id=\"da3d48e\" data-element_type=\"widget\" data-widget_type=\"heading.default\">\n\t\t\t\t<div class=\"elementor-widget-container\">\n\t\t\t\t\t<h2 class=\"elementor-heading-title elementor-size-default\">PROTECCI\u00d3N DE DATOS<\/h2>\t\t\t\t<\/div>\n\t\t\t\t<\/div>\n\t\t\t\t<div class=\"elementor-element elementor-element-3910180 elementor-widget elementor-widget-text-editor\" data-id=\"3910180\" data-element_type=\"widget\" data-widget_type=\"text-editor.default\">\n\t\t\t\t<div class=\"elementor-widget-container\">\n\t\t\t\t\t\t\t\t\t<p>Adecuaci\u00f3n a la normativa de protecci\u00f3n de datos<\/p>\t\t\t\t\t\t\t\t<\/div>\n\t\t\t\t<\/div>\n\t\t\t\t<\/div>\n\t\t<div class=\"elementor-element elementor-element-aa2b649 e-con-full e-flex e-con e-child\" data-id=\"aa2b649\" data-element_type=\"container\">\n\t\t\t\t<div class=\"elementor-element elementor-element-270e896 elementor-widget elementor-widget-text-editor\" data-id=\"270e896\" data-element_type=\"widget\" data-widget_type=\"text-editor.default\">\n\t\t\t\t<div class=\"elementor-widget-container\">\n\t\t\t\t\t\t\t\t\t<p class=\"font_8 wixui-rich-text__text\"><span class=\"wixui-rich-text__text\">Proporcionamos los servicios necesarios para garantizar el cumplimiento en materia protecci\u00f3n de datos. Nuestros servicios de asesor\u00eda y consultor\u00eda est\u00e1n totalmente personalizados y permiten rentabilizar al m\u00e1ximo los tratamientos de sus datos y convertir esta obligaci\u00f3n legal en una ventaja competitiva para su empresa.<\/span><\/p><p class=\"font_8 wixui-rich-text__text\"><span class=\"wixui-rich-text__text\">Nuestros servicios son:<\/span><\/p><ul class=\"font_8 wixui-rich-text__text\"><li class=\"wixui-rich-text__text\"><p class=\"font_8 wixui-rich-text__text\"><span class=\"wixui-rich-text__text\"><span class=\"inherit-font-size wixui-rich-text__text\">\u200b<\/span>DPO.<\/span><\/p><\/li><li class=\"wixui-rich-text__text\"><p class=\"font_8 wixui-rich-text__text\"><span class=\"wixui-rich-text__text\">Comprobaci\u00f3n inicial del estado de cumplimiento de la legislaci\u00f3n correspondiente.<\/span><\/p><\/li><li class=\"wixui-rich-text__text\"><p class=\"font_8 wixui-rich-text__text\"><span class=\"wixui-rich-text__text\">An\u00e1lisis del flujo de datos y sistemas inform\u00e1ticos y telem\u00e1ticos.<\/span><\/p><\/li><li class=\"wixui-rich-text__text\"><p class=\"font_8 wixui-rich-text__text\"><span class=\"wixui-rich-text__text\">Redacci\u00f3n del porfolio documental de seguridad e implementaci\u00f3n de las medidas de seguridad.<\/span><\/p><\/li><li class=\"wixui-rich-text__text\"><p class=\"font_8 wixui-rich-text__text\"><span class=\"wixui-rich-text__text\">Creaci\u00f3n de la normativa interna y de la pol\u00edtica de privacidad de las empresas, formaci\u00f3n y comprobaciones peri\u00f3dicas.<\/span><\/p><\/li><\/ul>\t\t\t\t\t\t\t\t<\/div>\n\t\t\t\t<\/div>\n\t\t\t\t<\/div>\n\t\t\t\t<\/div>\n\t\t<div class=\"elementor-element elementor-element-4648d8c e-con-full e-flex e-con e-child\" data-id=\"4648d8c\" data-element_type=\"container\">\n\t\t<div class=\"elementor-element elementor-element-56593bc e-con-full e-flex e-con e-child\" data-id=\"56593bc\" data-element_type=\"container\">\n\t\t\t\t<div class=\"elementor-element elementor-element-83b2312 elementor-widget elementor-widget-heading\" data-id=\"83b2312\" data-element_type=\"widget\" data-widget_type=\"heading.default\">\n\t\t\t\t<div class=\"elementor-widget-container\">\n\t\t\t\t\t<h2 class=\"elementor-heading-title elementor-size-default\">DERECHO CIVIL FAMILIA Y SUCESIONES<\/h2>\t\t\t\t<\/div>\n\t\t\t\t<\/div>\n\t\t\t\t<div class=\"elementor-element elementor-element-49f71d3 elementor-widget elementor-widget-text-editor\" data-id=\"49f71d3\" data-element_type=\"widget\" data-widget_type=\"text-editor.default\">\n\t\t\t\t<div class=\"elementor-widget-container\">\n\t\t\t\t\t\t\t\t\t<p>Divorcios, herencias, procedimientos judiciales civiles<\/p>\t\t\t\t\t\t\t\t<\/div>\n\t\t\t\t<\/div>\n\t\t\t\t<\/div>\n\t\t<div class=\"elementor-element elementor-element-e6bfc65 e-con-full e-flex e-con e-child\" data-id=\"e6bfc65\" data-element_type=\"container\">\n\t\t\t\t<div class=\"elementor-element elementor-element-0ef0794 elementor-widget elementor-widget-text-editor\" data-id=\"0ef0794\" data-element_type=\"widget\" data-widget_type=\"text-editor.default\">\n\t\t\t\t<div class=\"elementor-widget-container\">\n\t\t\t\t\t\t\t\t\t<p class=\"font_8 wixui-rich-text__text\"><span class=\"wixui-rich-text__text\">Los servicios que puede ofrecer el despacho en esta materia son:<\/span><\/p><ul class=\"font_8 wixui-rich-text__text\"><li class=\"wixui-rich-text__text\"><p class=\"font_8 wixui-rich-text__text\"><span class=\"wixui-rich-text__text\">Redacci\u00f3n de contratos<\/span><\/p><\/li><li class=\"wixui-rich-text__text\"><p class=\"font_8 wixui-rich-text__text\"><span class=\"wixui-rich-text__text\">Reclamaci\u00f3n de cantidades\u00a0<\/span><\/p><\/li><li class=\"wixui-rich-text__text\"><p class=\"font_8 wixui-rich-text__text\"><span class=\"wixui-rich-text__text\">Desahucios\u00a0<\/span><\/p><\/li><li class=\"wixui-rich-text__text\"><p class=\"font_8 wixui-rich-text__text\"><span class=\"wixui-rich-text__text\">Cancelaci\u00f3n de cargas en inmuebles<\/span><\/p><\/li><li class=\"wixui-rich-text__text\"><p class=\"font_8 wixui-rich-text__text\"><span class=\"wixui-rich-text__text\">Asuntos bancarios\u00a0<\/span><\/p><\/li><li class=\"wixui-rich-text__text\"><p class=\"font_8 wixui-rich-text__text\"><span class=\"wixui-rich-text__text\">Da\u00f1os y perjuicios<\/span><\/p><\/li><li class=\"wixui-rich-text__text\"><p class=\"font_8 wixui-rich-text__text\"><span class=\"wixui-rich-text__text\">Procedimiento judicial de extinci\u00f3n de condominio<\/span><\/p><\/li><li class=\"wixui-rich-text__text\"><p class=\"font_8 wixui-rich-text__text\"><span class=\"wixui-rich-text__text\">Divorcios y separaciones<\/span><\/p><\/li><li class=\"wixui-rich-text__text\"><p class=\"font_8 wixui-rich-text__text\"><span class=\"wixui-rich-text__text\">Modificaciones de medidas<\/span><\/p><\/li><li class=\"wixui-rich-text__text\"><p class=\"font_8 wixui-rich-text__text\"><span class=\"wixui-rich-text__text\">Redacci\u00f3n de convenios reguladores, matrimoniales y extramatrimoniales<\/span><\/p><\/li><li class=\"wixui-rich-text__text\"><p class=\"font_8 wixui-rich-text__text\"><span class=\"wixui-rich-text__text\">Filiaci\u00f3n\u00a0<\/span><\/p><\/li><li class=\"wixui-rich-text__text\"><p class=\"font_8 wixui-rich-text__text\"><span class=\"wixui-rich-text__text\">Reclamaciones de patria potestad, guarda, tutelas y custodia de hijos, r\u00e9gimen de visitas, pensi\u00f3n alimenticia, gastos extraordinarios\u2026etc<\/span><\/p><\/li><li class=\"wixui-rich-text__text\"><p class=\"font_8 wixui-rich-text__text\"><span class=\"wixui-rich-text__text\">Liquidaci\u00f3n de reg\u00edmenes econ\u00f3micos matrimoniales y sus consecuencias<\/span><\/p><\/li><li class=\"wixui-rich-text__text\"><p class=\"font_8 wixui-rich-text__text\"><span class=\"wixui-rich-text__text\">Medidas de Apoyo a la capacidad de obrar de discapacitados. Nombramiento de curador\u00a0<\/span><\/p><\/li><li class=\"wixui-rich-text__text\"><p class=\"font_8 wixui-rich-text__text\"><span class=\"wixui-rich-text__text\">Tramitaci\u00f3n de autorizaciones judiciales y\/o defensor judicial\u00a0<\/span><\/p><\/li><li class=\"wixui-rich-text__text\"><p class=\"font_8 wixui-rich-text__text\"><span class=\"wixui-rich-text__text\">Reconocimiento de Sentencias dictadas por Tribunales extranjeros (Exequatur)<\/span><\/p><\/li><li class=\"wixui-rich-text__text\"><p class=\"font_8 wixui-rich-text__text\"><span class=\"wixui-rich-text__text\">Tramitaci\u00f3n\u00a0de herencias\u00a0<\/span><\/p><\/li><\/ul>\t\t\t\t\t\t\t\t<\/div>\n\t\t\t\t<\/div>\n\t\t\t\t<\/div>\n\t\t\t\t<\/div>\n\t\t\t\t\t<\/div>\n\t\t\t\t<\/div>\n\t\t\t\t<\/div>\n\t\t","protected":false},"excerpt":{"rendered":"<p>SERVICIOS En\u00a0CHAVERRI\u00a0&amp;\u00a0LOITEGUI, ofrecemos un asesoramiento integral para las empresas y entidades aportando la mejor calidad en los servicios prestados, dot\u00e1ndoles de seguridad jur\u00eddica y adelant\u00e1ndonos a los problemas para que no pierdan competitividad en relaci\u00f3n con cuestiones de \u00edndole jur\u00eddica. La amplia experiencia de sus socios como asesores jur\u00eddicos en el seno de empresas, garantiza [&hellip;]<\/p>\n","protected":false},"author":1,"featured_media":0,"parent":0,"menu_order":0,"comment_status":"closed","ping_status":"closed","template":"elementor_header_footer","meta":{"footnotes":""},"class_list":["post-25","page","type-page","status-publish","hentry"],"_links":{"self":[{"href":"https:\/\/gifted-shtern.93-93-119-35.plesk.page\/index.php?rest_route=\/wp\/v2\/pages\/25","targetHints":{"allow":["GET"]}}],"collection":[{"href":"https:\/\/gifted-shtern.93-93-119-35.plesk.page\/index.php?rest_route=\/wp\/v2\/pages"}],"about":[{"href":"https:\/\/gifted-shtern.93-93-119-35.plesk.page\/index.php?rest_route=\/wp\/v2\/types\/page"}],"author":[{"embeddable":true,"href":"https:\/\/gifted-shtern.93-93-119-35.plesk.page\/index.php?rest_route=\/wp\/v2\/users\/1"}],"replies":[{"embeddable":true,"href":"https:\/\/gifted-shtern.93-93-119-35.plesk.page\/index.php?rest_route=%2Fwp%2Fv2%2Fcomments&post=25"}],"version-history":[{"count":14,"href":"https:\/\/gifted-shtern.93-93-119-35.plesk.page\/index.php?rest_route=\/wp\/v2\/pages\/25\/revisions"}],"predecessor-version":[{"id":155,"href":"https:\/\/gifted-shtern.93-93-119-35.plesk.page\/index.php?rest_route=\/wp\/v2\/pages\/25\/revisions\/155"}],"wp:attachment":[{"href":"https:\/\/gifted-shtern.93-93-119-35.plesk.page\/index.php?rest_route=%2Fwp%2Fv2%2Fmedia&parent=25"}],"curies":[{"name":"wp","href":"https:\/\/api.w.org\/{rel}","templated":true}]}}