{"id":37,"date":"2025-05-07T07:33:15","date_gmt":"2025-05-07T07:33:15","guid":{"rendered":"https:\/\/gifted-shtern.93-93-119-35.plesk.page\/?page_id=37"},"modified":"2025-05-07T13:23:27","modified_gmt":"2025-05-07T13:23:27","slug":"home","status":"publish","type":"page","link":"https:\/\/gifted-shtern.93-93-119-35.plesk.page\/","title":{"rendered":"Home"},"content":{"rendered":"\t\t<div data-elementor-type=\"wp-page\" data-elementor-id=\"37\" class=\"elementor elementor-37\" data-elementor-post-type=\"page\">\n\t\t\t\t<div class=\"elementor-element elementor-element-1f05fa60 e-flex e-con-boxed e-con e-parent\" data-id=\"1f05fa60\" data-element_type=\"container\" data-settings=\"{&quot;background_background&quot;:&quot;classic&quot;}\">\n\t\t\t\t\t<div class=\"e-con-inner\">\n\t\t<div class=\"elementor-element elementor-element-d4858e0 e-con-full e-flex e-con e-child\" data-id=\"d4858e0\" data-element_type=\"container\" data-settings=\"{&quot;background_background&quot;:&quot;classic&quot;}\">\n\t\t\t\t<div class=\"elementor-element elementor-element-eb3f10d elementor-widget elementor-widget-heading\" data-id=\"eb3f10d\" data-element_type=\"widget\" data-widget_type=\"heading.default\">\n\t\t\t\t<div class=\"elementor-widget-container\">\n\t\t\t\t\t<h2 class=\"elementor-heading-title elementor-size-default\">Asesoramiento integral para empresas y particulares<\/h2>\t\t\t\t<\/div>\n\t\t\t\t<\/div>\n\t\t\t\t<div class=\"elementor-element elementor-element-de3872d elementor-widget elementor-widget-text-editor\" data-id=\"de3872d\" data-element_type=\"widget\" data-widget_type=\"text-editor.default\">\n\t\t\t\t<div class=\"elementor-widget-container\">\n\t\t\t\t\t\t\t\t\t<p>El valor a\u00f1adido de la especializaci\u00f3n y de un servicio de calidad, cercano y profesional<\/p>\t\t\t\t\t\t\t\t<\/div>\n\t\t\t\t<\/div>\n\t\t\t\t<div class=\"elementor-element elementor-element-ffe4321 elementor-align-center elementor-widget elementor-widget-button\" data-id=\"ffe4321\" data-element_type=\"widget\" data-widget_type=\"button.default\">\n\t\t\t\t<div class=\"elementor-widget-container\">\n\t\t\t\t\t\t\t\t\t<div class=\"elementor-button-wrapper\">\n\t\t\t\t\t<a class=\"elementor-button elementor-button-link elementor-size-sm\" href=\"#\">\n\t\t\t\t\t\t<span class=\"elementor-button-content-wrapper\">\n\t\t\t\t\t\t\t\t\t<span class=\"elementor-button-text\">LEER M\u00c1S<\/span>\n\t\t\t\t\t<\/span>\n\t\t\t\t\t<\/a>\n\t\t\t\t<\/div>\n\t\t\t\t\t\t\t\t<\/div>\n\t\t\t\t<\/div>\n\t\t\t\t<\/div>\n\t\t\t\t\t<\/div>\n\t\t\t\t<\/div>\n\t\t<div class=\"elementor-element elementor-element-3dd74a4 e-flex e-con-boxed e-con e-parent\" data-id=\"3dd74a4\" data-element_type=\"container\" data-settings=\"{&quot;background_background&quot;:&quot;classic&quot;}\">\n\t\t\t\t\t<div class=\"e-con-inner\">\n\t\t\t\t<div class=\"elementor-element elementor-element-be739d3 e-transform elementor-widget-divider--view-line elementor-widget elementor-widget-divider\" data-id=\"be739d3\" data-element_type=\"widget\" data-settings=\"{&quot;_transform_rotateZ_effect&quot;:{&quot;unit&quot;:&quot;px&quot;,&quot;size&quot;:-45,&quot;sizes&quot;:[]},&quot;_transform_rotateZ_effect_tablet&quot;:{&quot;unit&quot;:&quot;deg&quot;,&quot;size&quot;:&quot;&quot;,&quot;sizes&quot;:[]},&quot;_transform_rotateZ_effect_mobile&quot;:{&quot;unit&quot;:&quot;deg&quot;,&quot;size&quot;:&quot;&quot;,&quot;sizes&quot;:[]}}\" data-widget_type=\"divider.default\">\n\t\t\t\t<div class=\"elementor-widget-container\">\n\t\t\t\t\t\t\t<div class=\"elementor-divider\">\n\t\t\t<span class=\"elementor-divider-separator\">\n\t\t\t\t\t\t<\/span>\n\t\t<\/div>\n\t\t\t\t\t\t<\/div>\n\t\t\t\t<\/div>\n\t\t\t\t<div class=\"elementor-element elementor-element-d15efb0 elementor-widget elementor-widget-heading\" data-id=\"d15efb0\" data-element_type=\"widget\" data-widget_type=\"heading.default\">\n\t\t\t\t<div class=\"elementor-widget-container\">\n\t\t\t\t\t<h2 class=\"elementor-heading-title elementor-size-default\">NUESTRA FILOSOF\u00cdA<\/h2>\t\t\t\t<\/div>\n\t\t\t\t<\/div>\n\t\t\t\t<div class=\"elementor-element elementor-element-a2cb397 elementor-widget elementor-widget-text-editor\" data-id=\"a2cb397\" data-element_type=\"widget\" data-widget_type=\"text-editor.default\">\n\t\t\t\t<div class=\"elementor-widget-container\">\n\t\t\t\t\t\t\t\t\t<p>En\u00a0Chaverri<strong>&amp;<\/strong>Loitegui, ofrecemos un asesoramiento integral para las empresas y entidades aportando la mejor calidad en los servicios prestados, dot\u00e1ndoles de seguridad jur\u00eddica y adelant\u00e1ndonos a los problemas para que no pierdan competitividad en relaci\u00f3n con cuestiones de \u00edndole jur\u00eddica.<\/p><p>La amplia experiencia de sus socios como asesores jur\u00eddicos en el seno de empresas, garantiza una comprensi\u00f3n de las problem\u00e1ticas internas, as\u00ed como un mayor conocimiento de la organizaci\u00f3n y gesti\u00f3n interna dentro de las empresas y entidades.<\/p>\t\t\t\t\t\t\t\t<\/div>\n\t\t\t\t<\/div>\n\t\t\t\t\t<\/div>\n\t\t\t\t<\/div>\n\t\t<div class=\"elementor-element elementor-element-4ac864a e-flex e-con-boxed e-con e-parent\" data-id=\"4ac864a\" data-element_type=\"container\" data-settings=\"{&quot;background_background&quot;:&quot;classic&quot;}\">\n\t\t\t\t\t<div class=\"e-con-inner\">\n\t\t\t\t<div class=\"elementor-element elementor-element-847e1de e-transform elementor-widget-divider--view-line elementor-widget elementor-widget-divider\" data-id=\"847e1de\" data-element_type=\"widget\" data-settings=\"{&quot;_transform_rotateZ_effect&quot;:{&quot;unit&quot;:&quot;px&quot;,&quot;size&quot;:-45,&quot;sizes&quot;:[]},&quot;_transform_rotateZ_effect_tablet&quot;:{&quot;unit&quot;:&quot;deg&quot;,&quot;size&quot;:&quot;&quot;,&quot;sizes&quot;:[]},&quot;_transform_rotateZ_effect_mobile&quot;:{&quot;unit&quot;:&quot;deg&quot;,&quot;size&quot;:&quot;&quot;,&quot;sizes&quot;:[]}}\" data-widget_type=\"divider.default\">\n\t\t\t\t<div class=\"elementor-widget-container\">\n\t\t\t\t\t\t\t<div class=\"elementor-divider\">\n\t\t\t<span class=\"elementor-divider-separator\">\n\t\t\t\t\t\t<\/span>\n\t\t<\/div>\n\t\t\t\t\t\t<\/div>\n\t\t\t\t<\/div>\n\t\t\t\t<div class=\"elementor-element elementor-element-b9dfc40 elementor-widget elementor-widget-heading\" data-id=\"b9dfc40\" data-element_type=\"widget\" data-widget_type=\"heading.default\">\n\t\t\t\t<div class=\"elementor-widget-container\">\n\t\t\t\t\t<h2 class=\"elementor-heading-title elementor-size-default\">AREAS DE PR\u00c1CTICA<\/h2>\t\t\t\t<\/div>\n\t\t\t\t<\/div>\n\t\t<div class=\"elementor-element elementor-element-1d262fd e-con-full e-flex e-con e-child\" data-id=\"1d262fd\" data-element_type=\"container\">\n\t\t<div class=\"elementor-element elementor-element-578525e e-con-full e-flex e-con e-child\" data-id=\"578525e\" data-element_type=\"container\" data-settings=\"{&quot;background_background&quot;:&quot;classic&quot;}\">\n\t\t\t\t<div class=\"elementor-element elementor-element-3df27ee elementor-widget elementor-widget-text-editor\" data-id=\"3df27ee\" data-element_type=\"widget\" data-widget_type=\"text-editor.default\">\n\t\t\t\t<div class=\"elementor-widget-container\">\n\t\t\t\t\t\t\t\t\t<p>01<\/p>\t\t\t\t\t\t\t\t<\/div>\n\t\t\t\t<\/div>\n\t\t\t\t<div class=\"elementor-element elementor-element-e08d231 elementor-widget elementor-widget-text-editor\" data-id=\"e08d231\" data-element_type=\"widget\" data-widget_type=\"text-editor.default\">\n\t\t\t\t<div class=\"elementor-widget-container\">\n\t\t\t\t\t\t\t\t\t<p>COMPLIANCE PENAL\u00a0Y PROTECCION DE DATOS<\/p>\t\t\t\t\t\t\t\t<\/div>\n\t\t\t\t<\/div>\n\t\t\t\t<\/div>\n\t\t<div class=\"elementor-element elementor-element-935ad49 e-con-full e-flex e-con e-child\" data-id=\"935ad49\" data-element_type=\"container\" data-settings=\"{&quot;background_background&quot;:&quot;classic&quot;}\">\n\t\t\t\t<div class=\"elementor-element elementor-element-ac6dafb elementor-widget elementor-widget-text-editor\" data-id=\"ac6dafb\" data-element_type=\"widget\" data-widget_type=\"text-editor.default\">\n\t\t\t\t<div class=\"elementor-widget-container\">\n\t\t\t\t\t\t\t\t\t<p>02<\/p>\t\t\t\t\t\t\t\t<\/div>\n\t\t\t\t<\/div>\n\t\t\t\t<div class=\"elementor-element elementor-element-f360739 elementor-widget elementor-widget-text-editor\" data-id=\"f360739\" data-element_type=\"widget\" data-widget_type=\"text-editor.default\">\n\t\t\t\t<div class=\"elementor-widget-container\">\n\t\t\t\t\t\t\t\t\t<p>DERECHO LABORAL<\/p>\t\t\t\t\t\t\t\t<\/div>\n\t\t\t\t<\/div>\n\t\t\t\t<\/div>\n\t\t<div class=\"elementor-element elementor-element-6e7c6c6 e-con-full e-flex e-con e-child\" data-id=\"6e7c6c6\" data-element_type=\"container\" data-settings=\"{&quot;background_background&quot;:&quot;classic&quot;}\">\n\t\t\t\t<div class=\"elementor-element elementor-element-69888fe elementor-widget elementor-widget-text-editor\" data-id=\"69888fe\" data-element_type=\"widget\" data-widget_type=\"text-editor.default\">\n\t\t\t\t<div class=\"elementor-widget-container\">\n\t\t\t\t\t\t\t\t\t<p>03<\/p>\t\t\t\t\t\t\t\t<\/div>\n\t\t\t\t<\/div>\n\t\t\t\t<div class=\"elementor-element elementor-element-0b7d2a1 elementor-widget elementor-widget-text-editor\" data-id=\"0b7d2a1\" data-element_type=\"widget\" data-widget_type=\"text-editor.default\">\n\t\t\t\t<div class=\"elementor-widget-container\">\n\t\t\t\t\t\t\t\t\t<p>DERECHO MERCANTIL<\/p>\t\t\t\t\t\t\t\t<\/div>\n\t\t\t\t<\/div>\n\t\t\t\t<\/div>\n\t\t<div class=\"elementor-element elementor-element-f89bc73 e-con-full e-flex e-con e-child\" data-id=\"f89bc73\" data-element_type=\"container\" data-settings=\"{&quot;background_background&quot;:&quot;classic&quot;}\">\n\t\t\t\t<div class=\"elementor-element elementor-element-03908de elementor-widget elementor-widget-text-editor\" data-id=\"03908de\" data-element_type=\"widget\" data-widget_type=\"text-editor.default\">\n\t\t\t\t<div class=\"elementor-widget-container\">\n\t\t\t\t\t\t\t\t\t<p>04<\/p>\t\t\t\t\t\t\t\t<\/div>\n\t\t\t\t<\/div>\n\t\t\t\t<div class=\"elementor-element elementor-element-fa1fb80 elementor-widget elementor-widget-text-editor\" data-id=\"fa1fb80\" data-element_type=\"widget\" data-widget_type=\"text-editor.default\">\n\t\t\t\t<div class=\"elementor-widget-container\">\n\t\t\t\t\t\t\t\t\t<p>DERECHO CIVIL<\/p>\t\t\t\t\t\t\t\t<\/div>\n\t\t\t\t<\/div>\n\t\t\t\t<\/div>\n\t\t\t\t<\/div>\n\t\t\t\t<div class=\"elementor-element elementor-element-a103eeb elementor-align-center elementor-widget elementor-widget-button\" data-id=\"a103eeb\" data-element_type=\"widget\" data-widget_type=\"button.default\">\n\t\t\t\t<div class=\"elementor-widget-container\">\n\t\t\t\t\t\t\t\t\t<div class=\"elementor-button-wrapper\">\n\t\t\t\t\t<a class=\"elementor-button elementor-button-link elementor-size-sm\" href=\"#\">\n\t\t\t\t\t\t<span class=\"elementor-button-content-wrapper\">\n\t\t\t\t\t\t\t\t\t<span class=\"elementor-button-text\">Todas las pr\u00e1cticas<\/span>\n\t\t\t\t\t<\/span>\n\t\t\t\t\t<\/a>\n\t\t\t\t<\/div>\n\t\t\t\t\t\t\t\t<\/div>\n\t\t\t\t<\/div>\n\t\t\t\t\t<\/div>\n\t\t\t\t<\/div>\n\t\t<div class=\"elementor-element elementor-element-c13491d e-flex e-con-boxed e-con e-parent\" data-id=\"c13491d\" data-element_type=\"container\">\n\t\t\t\t\t<div class=\"e-con-inner\">\n\t\t\t\t<div class=\"elementor-element elementor-element-6af4288 elementor-widget elementor-widget-text-editor\" data-id=\"6af4288\" data-element_type=\"widget\" data-widget_type=\"text-editor.default\">\n\t\t\t\t<div class=\"elementor-widget-container\">\n\t\t\t\t\t\t\t\t\t<p>\u00bfQuienes somos<\/p>\t\t\t\t\t\t\t\t<\/div>\n\t\t\t\t<\/div>\n\t\t<div class=\"elementor-element elementor-element-d3c6ef8 e-con-full e-flex e-con e-child\" data-id=\"d3c6ef8\" data-element_type=\"container\">\n\t\t\t\t<div class=\"elementor-element elementor-element-8d3b3b4 elementor-position-top elementor-widget elementor-widget-image-box\" data-id=\"8d3b3b4\" data-element_type=\"widget\" data-widget_type=\"image-box.default\">\n\t\t\t\t<div class=\"elementor-widget-container\">\n\t\t\t\t\t<div class=\"elementor-image-box-wrapper\"><figure class=\"elementor-image-box-img\"><img fetchpriority=\"high\" decoding=\"async\" width=\"361\" height=\"541\" src=\"https:\/\/gifted-shtern.93-93-119-35.plesk.page\/wp-content\/uploads\/2025\/05\/f1f05e_d6641043607845c890d73fc78d00c90bmv2.webp\" class=\"attachment-full size-full wp-image-119\" alt=\"\" srcset=\"https:\/\/gifted-shtern.93-93-119-35.plesk.page\/wp-content\/uploads\/2025\/05\/f1f05e_d6641043607845c890d73fc78d00c90bmv2.webp 361w, https:\/\/gifted-shtern.93-93-119-35.plesk.page\/wp-content\/uploads\/2025\/05\/f1f05e_d6641043607845c890d73fc78d00c90bmv2-200x300.webp 200w\" sizes=\"(max-width: 361px) 100vw, 361px\" \/><\/figure><div class=\"elementor-image-box-content\"><h3 class=\"elementor-image-box-title\">Guillermo Chaverri Reparaz<\/h3><p class=\"elementor-image-box-description\">Socio. Abogado<\/p><\/div><\/div>\t\t\t\t<\/div>\n\t\t\t\t<\/div>\n\t\t\t\t<div class=\"elementor-element elementor-element-6bdda01 elementor-position-top elementor-widget elementor-widget-image-box\" data-id=\"6bdda01\" data-element_type=\"widget\" data-widget_type=\"image-box.default\">\n\t\t\t\t<div class=\"elementor-widget-container\">\n\t\t\t\t\t<div class=\"elementor-image-box-wrapper\"><figure class=\"elementor-image-box-img\"><img decoding=\"async\" width=\"363\" height=\"541\" src=\"https:\/\/gifted-shtern.93-93-119-35.plesk.page\/wp-content\/uploads\/2025\/05\/f1f05e_cc066ee8a77947369c0028520f43320dmv2.webp\" class=\"attachment-full size-full wp-image-120\" alt=\"\" srcset=\"https:\/\/gifted-shtern.93-93-119-35.plesk.page\/wp-content\/uploads\/2025\/05\/f1f05e_cc066ee8a77947369c0028520f43320dmv2.webp 363w, https:\/\/gifted-shtern.93-93-119-35.plesk.page\/wp-content\/uploads\/2025\/05\/f1f05e_cc066ee8a77947369c0028520f43320dmv2-201x300.webp 201w\" sizes=\"(max-width: 363px) 100vw, 363px\" \/><\/figure><div class=\"elementor-image-box-content\"><h3 class=\"elementor-image-box-title\">Jose Ignacio Loitegui<\/h3><p class=\"elementor-image-box-description\">Socio. Abogado<\/p><\/div><\/div>\t\t\t\t<\/div>\n\t\t\t\t<\/div>\n\t\t\t\t<div class=\"elementor-element elementor-element-ae76528 elementor-position-top elementor-widget elementor-widget-image-box\" data-id=\"ae76528\" data-element_type=\"widget\" data-widget_type=\"image-box.default\">\n\t\t\t\t<div class=\"elementor-widget-container\">\n\t\t\t\t\t<div class=\"elementor-image-box-wrapper\"><figure class=\"elementor-image-box-img\"><img decoding=\"async\" width=\"438\" height=\"541\" src=\"https:\/\/gifted-shtern.93-93-119-35.plesk.page\/wp-content\/uploads\/2025\/05\/f1f05e_670a1aaf4d274ce784a5853ed405195bmv2.webp\" class=\"attachment-full size-full wp-image-121\" alt=\"\" srcset=\"https:\/\/gifted-shtern.93-93-119-35.plesk.page\/wp-content\/uploads\/2025\/05\/f1f05e_670a1aaf4d274ce784a5853ed405195bmv2.webp 438w, https:\/\/gifted-shtern.93-93-119-35.plesk.page\/wp-content\/uploads\/2025\/05\/f1f05e_670a1aaf4d274ce784a5853ed405195bmv2-243x300.webp 243w\" sizes=\"(max-width: 438px) 100vw, 438px\" \/><\/figure><div class=\"elementor-image-box-content\"><h3 class=\"elementor-image-box-title\">Irene Almendros Mu\u00f1oz<\/h3><p class=\"elementor-image-box-description\">Abogada<\/p><\/div><\/div>\t\t\t\t<\/div>\n\t\t\t\t<\/div>\n\t\t\t\t<\/div>\n\t\t\t\t\t<\/div>\n\t\t\t\t<\/div>\n\t\t<div class=\"elementor-element elementor-element-0d2e4cc e-flex e-con-boxed e-con e-parent\" data-id=\"0d2e4cc\" data-element_type=\"container\" data-settings=\"{&quot;background_background&quot;:&quot;classic&quot;}\">\n\t\t\t\t\t<div class=\"e-con-inner\">\n\t\t\t\t<div class=\"elementor-element elementor-element-31936d5 elementor-widget elementor-widget-heading\" data-id=\"31936d5\" data-element_type=\"widget\" data-widget_type=\"heading.default\">\n\t\t\t\t<div class=\"elementor-widget-container\">\n\t\t\t\t\t<h2 class=\"elementor-heading-title elementor-size-default\">Asesoramiento con cuota mensual - Iguala<\/h2>\t\t\t\t<\/div>\n\t\t\t\t<\/div>\n\t\t\t\t<div class=\"elementor-element elementor-element-119733c elementor-widget-divider--view-line elementor-widget elementor-widget-divider\" data-id=\"119733c\" data-element_type=\"widget\" data-widget_type=\"divider.default\">\n\t\t\t\t<div class=\"elementor-widget-container\">\n\t\t\t\t\t\t\t<div class=\"elementor-divider\">\n\t\t\t<span class=\"elementor-divider-separator\">\n\t\t\t\t\t\t<\/span>\n\t\t<\/div>\n\t\t\t\t\t\t<\/div>\n\t\t\t\t<\/div>\n\t\t\t\t<div class=\"elementor-element elementor-element-f02cde1 elementor-widget elementor-widget-text-editor\" data-id=\"f02cde1\" data-element_type=\"widget\" data-widget_type=\"text-editor.default\">\n\t\t\t\t<div class=\"elementor-widget-container\">\n\t\t\t\t\t\t\t\t\t<p>Contrata un asesoramiento jur\u00eddico permanente e integral por una cuota mensual.<\/p>\t\t\t\t\t\t\t\t<\/div>\n\t\t\t\t<\/div>\n\t\t\t\t<div class=\"elementor-element elementor-element-a478259 elementor-align-center elementor-widget elementor-widget-button\" data-id=\"a478259\" data-element_type=\"widget\" data-widget_type=\"button.default\">\n\t\t\t\t<div class=\"elementor-widget-container\">\n\t\t\t\t\t\t\t\t\t<div class=\"elementor-button-wrapper\">\n\t\t\t\t\t<a class=\"elementor-button elementor-button-link elementor-size-sm\" href=\"#\">\n\t\t\t\t\t\t<span class=\"elementor-button-content-wrapper\">\n\t\t\t\t\t\t\t\t\t<span class=\"elementor-button-text\">M\u00e1s informaci\u00f3n aqu\u00ed<\/span>\n\t\t\t\t\t<\/span>\n\t\t\t\t\t<\/a>\n\t\t\t\t<\/div>\n\t\t\t\t\t\t\t\t<\/div>\n\t\t\t\t<\/div>\n\t\t\t\t\t<\/div>\n\t\t\t\t<\/div>\n\t\t\t\t<\/div>\n\t\t","protected":false},"excerpt":{"rendered":"<p>Asesoramiento integral para empresas y particulares El valor a\u00f1adido de la especializaci\u00f3n y de un servicio de calidad, cercano y profesional LEER M\u00c1S NUESTRA FILOSOF\u00cdA En\u00a0Chaverri&amp;Loitegui, ofrecemos un asesoramiento integral para las empresas y entidades aportando la mejor calidad en los servicios prestados, dot\u00e1ndoles de seguridad jur\u00eddica y adelant\u00e1ndonos a los problemas para que no [&hellip;]<\/p>\n","protected":false},"author":1,"featured_media":0,"parent":0,"menu_order":0,"comment_status":"closed","ping_status":"closed","template":"elementor_header_footer","meta":{"footnotes":""},"class_list":["post-37","page","type-page","status-publish","hentry"],"_links":{"self":[{"href":"https:\/\/gifted-shtern.93-93-119-35.plesk.page\/index.php?rest_route=\/wp\/v2\/pages\/37","targetHints":{"allow":["GET"]}}],"collection":[{"href":"https:\/\/gifted-shtern.93-93-119-35.plesk.page\/index.php?rest_route=\/wp\/v2\/pages"}],"about":[{"href":"https:\/\/gifted-shtern.93-93-119-35.plesk.page\/index.php?rest_route=\/wp\/v2\/types\/page"}],"author":[{"embeddable":true,"href":"https:\/\/gifted-shtern.93-93-119-35.plesk.page\/index.php?rest_route=\/wp\/v2\/users\/1"}],"replies":[{"embeddable":true,"href":"https:\/\/gifted-shtern.93-93-119-35.plesk.page\/index.php?rest_route=%2Fwp%2Fv2%2Fcomments&post=37"}],"version-history":[{"count":31,"href":"https:\/\/gifted-shtern.93-93-119-35.plesk.page\/index.php?rest_route=\/wp\/v2\/pages\/37\/revisions"}],"predecessor-version":[{"id":133,"href":"https:\/\/gifted-shtern.93-93-119-35.plesk.page\/index.php?rest_route=\/wp\/v2\/pages\/37\/revisions\/133"}],"wp:attachment":[{"href":"https:\/\/gifted-shtern.93-93-119-35.plesk.page\/index.php?rest_route=%2Fwp%2Fv2%2Fmedia&parent=37"}],"curies":[{"name":"wp","href":"https:\/\/api.w.org\/{rel}","templated":true}]}}